{"id":8,"date":"2022-11-21T10:36:48","date_gmt":"2022-11-21T09:36:48","guid":{"rendered":"https:\/\/www.fastbookspa.it\/?page_id=8"},"modified":"2022-11-21T10:36:48","modified_gmt":"2022-11-21T09:36:48","slug":"informativa-privacy","status":"publish","type":"page","link":"https:\/\/www.fastbookspa.it\/index.php\/informativa-privacy\/","title":{"rendered":"Informativa Privacy"},"content":{"rendered":"\n<h2 class=\"wp-block-heading\">Fastbook rispetta la privacy degli utenti dei suoi servizi on line<\/h2>\n\n\n\n<p>L&#8217;informativa di questa pagina \u00e8 fornita , ai sensi del Regolamento Generale Di protezione dei dati 2016\/679,\u00a0\u00a0a coloro che utilizzano i servizi web di MF Ingrosso S.p.A. &#8211; accessibili per via telematica sia tramite sito (<a href=\"https:\/\/www.fastbookspa.it\/\">www.fastbookspa.it<\/a>)\u00a0che tramite app.<\/p>\n\n\n\n<h2 class=\"wp-block-heading\">Titolarit\u00e0 del trattamento<\/h2>\n\n\n\n<p>Il titolare del trattamento dei dati conferiti nell&#8217;uso dei servizi web di Fastbook \u00e8 MF Ingrosso S.p.A. divisione Fastbook con sede legale in Via Verdi 8, 20090, Assago (MI)&nbsp;la quale pu\u00f2 incaricare terze parti del trattamento di specifici dati, per il conseguimento delle finalit\u00e0 di cui alla presente informativa.<\/p>\n\n\n\n<p>Informazioni ulteriori relativamente al trattamento svolto sui propri dati possono essere richieste per via telematica, attraverso la funzione &#8220;Contatti&#8221;, (presente sul sito e sulla app).<\/p>\n\n\n\n<h2 class=\"wp-block-heading\">Dati Raccolti \u2013 Finalit\u00e0 -Durata Di Conservazione<\/h2>\n\n\n\n<p>Attraverso gli applicativi digitali forniti da Fastbook l&#8217;utente pu\u00f2 fruire di diversi servizi, accessibili&nbsp;&nbsp;&nbsp;liberamente o previa registrazione.<\/p>\n\n\n\n<ul class=\"wp-block-list\">\n<li>Accedendo liberamente si avr\u00e0 la possibilit\u00e0 di visionare tutti i contenuti accessibili al pubblico nonch\u00e9 di richiedere informazioni riguardo ai nostri servizi attraverso l\u2019apposito form. I dati di contatto verranno utilizzati esclusivamente per rispondere alla domanda posta e successivamente cancellati .<\/li>\n\n\n\n<li>Per quanto riguarda l\u2019accesso come utente autenticato, si rammenta che le credenziali di accesso verranno rilasciate solo a seguito di sottoscrizione del contratto di servizi con Fastbook e verranno recapitate direttamente sulla mail indicata in tale occasione.&nbsp;&nbsp;<\/li>\n<\/ul>\n\n\n\n<p>Per potersi registrare l\u2019utente \u00e8 tenuto a compilare&nbsp;<strong>l\u2019anagrafica relativa alla&nbsp;&nbsp;azienda cliente ed ad indicare dei dati di contatto (mail e telefono)<\/strong>&nbsp;che verranno utilizzati per i seguenti scopi:<\/p>\n\n\n\n<p>1.Informazioni relative ai servizi e prodotti oggetto del contratto sottoscritto e destinati ai clienti di Fastbook (es: informazioni relative alla logistica, alla pubblicazione del titolo di interesse, ad eventuali problematiche connesse con l\u2019\u2019ordine, ecc)<\/p>\n\n\n\n<p>2.servizi commerciali di raccolta degli ordini dai clienti, e di informazione sullo stato di avanzamento ed evasione degli ordini ricevuti, nonch\u00e9 messa a disposizione di tutti i documenti contabili collegati agli ordini medesimi.&nbsp;<\/p>\n\n\n\n<p>Tali dati sono necessari alla corretta erogazione del servizio proposto tramite web o app e il loro mancato conferimento implica l\u2019impossibilit\u00e0 di utilizzare tali strumenti. Qualora fosse necessario richiedere modifiche o chiedere la cancellazione, \u00e8 possibile rivolgersi al proprio agente o utilizzando le apposite funzioni di assistenza presenti nel portale. Tali dati saranno conservati per tutta la durata del rapporto in essere e verranno cancellati dalla piattaforma a fronte di una richiesta esplicita o al momento della chiusura dell\u2019anagrafica cliente. Verranno comunque conservati per tutta la durata prevista dalla normativa contabile e fiscale.<\/p>\n\n\n\n<ul class=\"wp-block-list\">\n<li>E\u2019 possibile indicare una casella di posta alla quale inviare la&nbsp;<strong>Newsletter<\/strong>&nbsp;contenente le comunicazioni promozionali relative a nuovi prodotti, eventi o iniziative organizzate da MF Ingrosso tramite la sua divisione Fastbook. Il conferimento di tale mail \u00e8 facoltativo ed il consenso al suo utilizzo pu\u00f2 essere revocato in qualsiasi momento senza compromettere in alcun modo la fruibilit\u00e0 delle funzioni utilizzabili via web o app.<\/li>\n<\/ul>\n\n\n\n<ul class=\"wp-block-list\">\n<li>E\u2019&nbsp;&nbsp;possibile attivare in piena autonomia&nbsp;&nbsp;la&nbsp;<strong>funzione di tracciamento dell\u2019ordine&nbsp;<\/strong>che necessita di un indirizzo mail cui inviare le notifiche (si rimanda per dettagli all\u2019informativa dedicata).&nbsp;Tale funzione viene attivata o disattivata dall\u2019utente al momento dell\u2019ordine e la mail fornita viene condivisa col partner logistico che eroga il servizio.&nbsp;&nbsp;I dati raccolti verranno utilizzati esclusivamente nell\u2019ambito di questo servizio e saranno conservati per tutta la durata del profilo utente a meno che questi non ne chieda esplicitamente la cancellazione o vi apporti modifiche.&nbsp;&nbsp;<\/li>\n<\/ul>\n\n\n\n<ul class=\"wp-block-list\">\n<li>La<strong>&nbsp;app<\/strong>&nbsp;dispone delle medesime funzionalit\u00e0 e in pi\u00f9&nbsp;&nbsp;necessita dell\u2019autorizzazione ad accedere alla fotocamera in quanto strumento necessario per la lettura , cattura e archiviazione&nbsp;&nbsp;dei codici a barre e la conseguente erogazione del servizio. Non \u00e8 previsto nessun altro utilizzo di questa funzione.&nbsp;&nbsp;E\u2019 inoltre disponibile una funzione di notifiche push che \u00e8 gestibile in totale autonomia dall\u2019utente medesimo accedendo&nbsp;&nbsp;alle impostazioni della app. Tramite le notifiche l\u2019utente sar\u00e0 informato dello stato di avanzamento del suo ordine, della presenza di nuovi documenti inerenti il suo ordine o di segnalazioni di tipo commerciale di suo interesse. Le logiche di conservazione dei dati sono le medesime di cui sopra.<\/li>\n<\/ul>\n\n\n\n<ul class=\"wp-block-list\">\n<li><strong>Registrazione foto e video durante eventi online o di persona<\/strong>: tutti i nostri eventi , sia online che in presenza, vengono registrati o immortalati con fotografie per essere successivamente divulgati sui nostri canali di comunicazione (siti web della societ\u00e0, canali social, video presso i punti vendita, comunicazioni promozionali mirate). Accedendo alla sala fisica o virtuale l\u2019interessato fornisce automaticamente il consenso al trattamento dei suoi dati (ivi compresa l\u2019immagine). Per quanto riguarda gli eventi online si ricorda che l\u2019interessato pu\u00f2 autonomamente gestire le impostazioni audio video e l\u2019identificativo partecipante in modo da non svelare la propria identit\u00e0. In generale per tutti gli eventi ricordiamo che&nbsp;L\u2019interessato ha comunque il diritto di avere accesso al materiale, chiedere una limitazione al suo utilizzo e revocare il consenso all\u2019utilizzo della sua immagine rivolgendosi a:&nbsp;<a href=\"mailto:marketing-comunicazione@fastbookspa.it\">marketing-comunicazione@fastbookspa.it<\/a>&nbsp;oppure&nbsp;a&nbsp;<a href=\"mailto:marketing-comunicazione@opportunityspa.it\">marketing-comunicazione@opportunityspa.it<\/a>.Le foto e i video, verranno conservati nei nostri archivi digitali per la durata massima di 3 anni, eccetto i file che verranno classificati come video o foto ufficiali che entreranno a far parte dei nostri archivi storici a testimonianza della attivit\u00e0 svolta dalla societ\u00e0 nel corso degli anni.&nbsp;<\/li>\n<\/ul>\n\n\n\n<ul class=\"wp-block-list\">\n<li>Per quanto riguarda i dati di iscrizione ai corsi della&nbsp;<strong>Scuola Librai on the road&nbsp;&nbsp;<\/strong>vengono richiesti solo quelli strettamente necessari a perfezionare l\u2019iscrizione del partecipante ed un loro parziale o mancato conferimento determiner\u00e0 l\u2019impossibilit\u00e0 di accogliere la richiesta. L\u2019evento sar\u00e0 organizzato via ZOOM, secondo le modalit\u00e0 riportate al paragrafo precedente. Ti terremo poi informato su tutte le altre iniziative ed eventi di questo genere che possano essere utili alla tua professione.&nbsp;<\/li>\n<\/ul>\n\n\n\n<ul class=\"wp-block-list\">\n<li><strong>Dati di navigazione.&nbsp;<\/strong>I sistemi informatici e le procedure software preposte al funzionamento di questo sito web acquisiscono, nel corso del loro normale esercizio, alcuni dati personali la cui trasmissione \u00e8 implicita nell\u2019uso dei protocolli di comunicazione di Internet. L\u2019uso di cookie tecnici di sessione in particolare \u00e8 limitato alla trasmissione di identificativi di sessione (costituiti da numeri casuali generati dal server) necessari per consentire l\u2019esplorazione sicura ed efficiente del sito. Tali cookie evitano il ricorso ad altre tecniche informatiche potenzialmente pregiudizievoli per la riservatezza della navigazione degli utenti e non consentono l\u2019acquisizione di dati personali identificativi dell\u2019utente. Nessun dato personale degli utenti viene in proposito acquisito dal sito. Non viene fatto uso di cookie per la trasmissione di informazioni di carattere personale, n\u00e9 vengono utilizzati c.d. cookie persistenti di alcun tipo, ovvero sistemi per il tracciamento degli utenti.&nbsp;<\/li>\n<\/ul>\n\n\n\n<h2 class=\"wp-block-heading\">DESTINATARI e INVIO ALL\u2019ESTERO<\/h2>\n\n\n\n<p>Tutti i dati comunicati all\u2019interno degli applicativi Web e app verranno utilizzati&nbsp;&nbsp;da&nbsp;personale espressamente incaricato da MF Ingrosso e saranno condivisi esclusivamente con tutti i soggetti coinvolti nell&#8217;erogazione del servizio oggetto del contratto (ad es. agenti , logistiche, corrieri) , nonch\u00e9&nbsp;&nbsp;con eventuali soggetti esterni esclusivamente per questioni di natura contabile e fiscale o di supporto tecnico o di controllo aziendale (in particolare servizi legali e fiscali, servizi informatici, altre aziende facenti parte del Gruppo) .&nbsp;<\/p>\n\n\n\n<p>Qualora l\u2019interessato avesse richiesto l\u2019invio della Newsletter o il tracciamento dell\u2019ordine, i suoi dati saranno condivisi coi partner incaricati dell\u2019erogazione di tali servizi.&nbsp;<\/p>\n\n\n\n<p>Non \u00e8&nbsp;&nbsp;previsto alcun invio all&#8217;estero ad eccezione dell\u2019archiviazione dei dati collegati ad applicativi informatici che potrebbero essere utilizzati per la gestione dei processi digitali (es. zoom) alla cui privacy si rimanda.<\/p>\n\n\n\n<p>Per quanto riguarda i dati di navigazione I sistemi informatici e le procedure software preposte al funzionamento di questo sito web acquisiscono, nel corso del loro normale esercizio, alcuni dati personali la cui trasmissione \u00e8 implicita nell&#8217;uso dei protocolli di comunicazione di Internet.Tali informazioni (indirizzi IP, nomi a dominio dei computer utilizzati dagli utenti che si connettono al sito, indirizzi in notazione URI ( Uniform Resource Identifier) delle risorse richieste, ecc.) non sono raccolte per essere associate ad interessi identificati, ma esclusivamente per ricavarne informazioni statistiche anonime sull&#8217;uso del sito e per controllarne il corretto funzionamento. I dati potrebbero essere utilizzati per l&#8217;accertamento di responsabilit\u00e0 in caso di ipotetici reati informatici ai danni del sito.<\/p>\n\n\n\n<h2 class=\"wp-block-heading\">DIRITTI INTERESSATO<\/h2>\n\n\n\n<p>Ricordiamo che in base al regolamento GDPR l\u2019interessato ha diritto a:<\/p>\n\n\n\n<ul class=\"wp-block-list\">\n<li>Richiedere l\u2019accesso ai propri dati personali e chiederne la rettifica, la cancellazione o la limitazione del trattamento.<\/li>\n\n\n\n<li>Conoscere le finalit\u00e0 del trattamento, le categorie di dati trattati, i destinatari cui i dati vengono comunicati, il periodo di conservazione.&nbsp;<\/li>\n\n\n\n<li>Revocare il consenso in qualsiasi momento ricordando le conseguenze di tale scelta&nbsp;<\/li>\n\n\n\n<li>Richiedere la cancellazione dei dati che non fossero pi\u00f9 necessari allo scopo per il quale erano stati raccolti,<\/li>\n\n\n\n<li>Opporsi al trattamento di profilazione o marketing diretto&nbsp;<\/li>\n\n\n\n<li>Esporre un reclamo all\u2019autorit\u00e0 Garante privacy.<\/li>\n\n\n\n<li>Conoscere i soggetti ai quali i dati personali possono essere comunicati e verificare l\u2019estratto dei contratti in essere con tali soggetti.<\/li>\n<\/ul>\n\n\n\n<p>Per esercitare tali diritti, richiedere chiarimenti e segnalare modifiche vi invitiamo a rivolgervi al vostro agente o utilizzare l\u2019apposita funzione contatti disponibile sul sito e sulla app.<\/p>\n","protected":false},"excerpt":{"rendered":"<p>Fastbook rispetta la privacy degli utenti dei suoi servizi on line L&#8217;informativa di questa pagina \u00e8 fornita , ai sensi del Regolamento Generale Di protezione dei dati 2016\/679,\u00a0\u00a0a coloro che utilizzano i servizi web di MF Ingrosso S.p.A. &#8211; accessibili per via telematica sia tramite sito (www.fastbookspa.it)\u00a0che tramite app. Titolarit\u00e0 del trattamento Il titolare del&#8230; <a class=\"read-more\" href=\"https:\/\/www.fastbookspa.it\/index.php\/informativa-privacy\/\">Continua a leggere<\/a><\/p>\n","protected":false},"author":1,"featured_media":0,"parent":0,"menu_order":0,"comment_status":"closed","ping_status":"closed","template":"","meta":{"footnotes":""},"class_list":["post-8","page","type-page","status-publish","hentry"],"_links":{"self":[{"href":"https:\/\/www.fastbookspa.it\/index.php\/wp-json\/wp\/v2\/pages\/8","targetHints":{"allow":["GET"]}}],"collection":[{"href":"https:\/\/www.fastbookspa.it\/index.php\/wp-json\/wp\/v2\/pages"}],"about":[{"href":"https:\/\/www.fastbookspa.it\/index.php\/wp-json\/wp\/v2\/types\/page"}],"author":[{"embeddable":true,"href":"https:\/\/www.fastbookspa.it\/index.php\/wp-json\/wp\/v2\/users\/1"}],"replies":[{"embeddable":true,"href":"https:\/\/www.fastbookspa.it\/index.php\/wp-json\/wp\/v2\/comments?post=8"}],"version-history":[{"count":1,"href":"https:\/\/www.fastbookspa.it\/index.php\/wp-json\/wp\/v2\/pages\/8\/revisions"}],"predecessor-version":[{"id":9,"href":"https:\/\/www.fastbookspa.it\/index.php\/wp-json\/wp\/v2\/pages\/8\/revisions\/9"}],"wp:attachment":[{"href":"https:\/\/www.fastbookspa.it\/index.php\/wp-json\/wp\/v2\/media?parent=8"}],"curies":[{"name":"wp","href":"https:\/\/api.w.org\/{rel}","templated":true}]}}