{"id":951,"date":"2023-11-21T15:38:11","date_gmt":"2023-11-21T14:38:11","guid":{"rendered":"https:\/\/www.fastbookspa.it\/?page_id=951"},"modified":"2024-04-29T12:49:00","modified_gmt":"2024-04-29T10:49:00","slug":"whistleblowing-privacy","status":"publish","type":"page","link":"https:\/\/www.fastbookspa.it\/index.php\/whistleblowing-privacy\/","title":{"rendered":"Whistleblowing Privacy"},"content":{"rendered":"\n<h2 class=\"wp-block-heading\">Informativa Privacy Whistleblowing resa ai sensi degli art. 13-14 del GDPR <\/h2>\n\n\n<\/p>\n\n\n<h2 class=\"wp-block-heading\">TITOLARE DEL TRATTAMENTO<\/h2>\n\n\n\n<p>Il &#8220;Titolaretti del trattamento dei dati personali (che coincide con l\u2019azienda del Gruppo Messaggerie interessata \ndalla segnalazione) ti informa che proceder\u00e0 al trattamento dei dati personali da te forniti al momento della \nsegnalazione secondo i principi di correttezza, liceit\u00e0, trasparenza e di tutela della riservatezza e dei diritti, tuoi e \ndi tutti gli interessati, nel rispetto degli obblighi imposti dalla normativa sulla privacy e sul whistleblowing. <\/p>\n\n\n\n<h2 class=\"wp-block-heading\">BASE GIURIDICA DEL TRATTAMENTO <\/h2>\n\n\n\n<p>Il trattamento dei tuoi dati personali, rispetto alla segnalazione da te formulata, avviene sulla base \ndell\u2019adempimento ad un obbligo di legge al quale \u00e8 soggetto lo stesso Titolare del trattamento. \nI dati personali saranno trattati dal Gestore delle Segnalazioni individuato dalle societ\u00e0 del Gruppo di cui il Titolare \nfa parte nell\u2019Organismo di Vigilanza della Capogruppo, avente il compito di accertare eventuali illeciti denunciati \nnell\u2019interesse delle Aziende del Gruppo, ai sensi della normativa vigente sul Whistleblowing. <\/p>\n\n\n\n<h2 class=\"wp-block-heading\">TIPI DI DATI TRATTATI E FINALIT\u00c0 DEL TRATTAMENTO<\/h2>\n\n\n\n<p>I dati che hai fornito al fine di comunicare le presunte condotte illecite o violazioni delle quali sei venuto a \nconoscenza in ragione del tuo rapporto di servizio con il Titolare, commesse dai soggetti che a vario titolo \ninteragiscono con il medesimo, verranno trattati allo scopo di gestire il procedimento di Whistleblowing in \nconformit\u00e0 alla normativa vigente, di effettuare le necessarie attivit\u00e0 istruttorie volte a verificare la fondatezza del \nfatto oggetto di segnalazione, di adottare i conseguenti provvedimenti, di tutela in giudizio di un diritto e di fornire \nrisposta ad un\u2019eventuale richiesta dell\u2019Autorit\u00e0 giudiziaria.<\/p>\n\n\n\n<h2 class=\"wp-block-heading\">MODALIT\u00c0 DI TRATTAMENTO DEI DATI <\/h2>\n\n\n\n<p>I dati personali raccolti sono trattati dal Gestore della segnalazione che agisce sulla base di specifiche istruzioni \nfornite in ordine a finalit\u00e0 e modalit\u00e0 del trattamento medesimo, nonch\u00e9 dal Team di Segnalazioni con competenze \nin materia di whistleblowing. \nIl trattamento sar\u00e0 effettuato con strumenti informatici e telematici con logiche di organizzazione ed elaborazione \nstrettamente correlate alle finalit\u00e0 sopraindicate e comunque in modo da garantire la sicurezza, l&#8217;integrit\u00e0 e la \nriservatezza dei dati stessi nel rispetto delle misure organizzative, fisiche e logiche previste dalle disposizioni \nvigenti. <\/p>\n\n\n\n<h2 class=\"wp-block-heading\">PERIODO DI CONSERVAZIONE <\/h2>\n\n\n\n<p>Il portale in automatico provveder\u00e0 a rimuovere la segnalazione con tutti i suoi allegati entro 5 anni dall\u2019esito \nfinale dell\u2019istruttoria salvo che il Gestore della segnalazione non disponga diversamente (ad es. nei casi in cui, a \nseguito della segnalazione, venga avviato un procedimento penale, civile o disciplinare). In tal caso i tuoi dati \nsaranno conservati per il periodo che risulter\u00e0 necessario in relazione a tale procedimento. \u00c8 fatto salvo un \nulteriore periodo di conservazione necessario per l\u2019esercizio o la tutela di un diritto specifico avanzato dal \nsegnalante o dal segnalato. \nDecorsi i periodi di tempo sopraindicati, i tuoi dati saranno cancellati. \nI dati personali relative alle segnalazioni che non sono necessari o rilevanti per il procedimento in oggetto saranno \ncancellati senza indugio. \nPotrai rivolgerti in qualsiasi momento al Gestore delle segnalazioni attraverso la piattaforma (se hai attivato una \nsegnalazione) per verificare se i diritti di cui alle disposizioni in materia sono stati rispettati. <\/p>\n\n\n\n<h2 class=\"wp-block-heading\">NATURA DEL CONFERIMENTO DEI DATI<\/h2>\n\n\n\n<p>Il conferimento dei dati personali \u00e8 facoltativo ed \u00e8 basato sul consenso del segnalante che lo rilascia\ncontestualmente al caricamento dei dati stessi in piattaforma.<\/p>\n\n\n\n<h2 class=\"wp-block-heading\">DESTINATARI DEI DATI PERSONALI<\/h2>\n\n\n\n<p>I tuoi dati potranno essere comunicati o resi accessibili ai soggetti che hanno un ruolo nella gestione del\nprocedimento di Whistleblowing (soggetti interni specificatamente individuati, consulenti esterni eventualmente \ncoinvolti nella gestione della segnalazione). Tali soggetti sono vincolati da un dovere di riservatezza. \nPotranno avere accesso ai tuoi dati per finalit\u00e0 strettamente tecniche ed attenenti alla piattaforma, i fornitori della \npiattaforma informatica. Tutti i gi\u00e0 menzionati soggetti saranno da noi autorizzati e istruiti al trattamento ai sensi \ndell\u2019art. 29 GDPR. \nPotranno avere accesso ai dati e informazioni raccolte le Autorit\u00e0 giudiziarie, le Autorit\u00e0 pubbliche, l\u2019ANAC e tutti \ni soggetti a cui la comunicazione deve essere effettuata in forza di legge. \nI dati personali non saranno comunicati a soggetti diversi da quelli individuati n\u00e9 saranno diffusi o divulgati, senza \nil consenso del segnalante, salvo vi sia un obbligo legale di divulgazione. <\/p>\n\n\n\n<h2 class=\"wp-block-heading\">DIRITTI DEGLI INTERESSATI<\/h2>\n\n\n\n<p>Gli interessati hanno il diritto di ottenere dal Titolare, nei casi previsti, l&#8217;accesso ai propri dati personali e la rettifica \no la cancellazione degli stessi o la limitazione del trattamento che li riguarda o di opporsi al trattamento (artt. 15 &#8211;\n22 del Regolamento UE 2016\/679), rivolgendosi al Gestore delle Segnalazioni tramite piattaforma. \nGli interessati che ritengono che il trattamento dei dati personali a loro riferiti effettuato attraverso questa \npiattaforma avvenga in violazione di quanto previsto dal Regolamento, hanno il diritto di proporre reclamo al \nGarante, come previsto dall&#8217;art. 77 del Regolamento stesso, o di adire le opportune sedi giudiziarie (art. 79 del \nRegolamento).<\/p>\n\n\n<div class=\"wp-block-buttons aligncenter closestbuttons\">\n\n\n<div class=\"wp-block-button is-style-fill\"><a class=\"wp-block-button__link has-secondary-background-color has-background wp-element-button\" href=\"https:\/\/www.fastbookspa.it\/wp-content\/uploads\/2024\/04\/Whistleblowing_Manuale_v1.pdf\" style=\"border-radius:4px\" target=\"_blank\" rel=\"noopener noreferrer\">\n        \t\t\t\t\tCome effettuare una segnalazione utilizzando il Portale\n        \t\t\t\t<\/a><\/div>\n","protected":false},"excerpt":{"rendered":"<p>Informativa Privacy Whistleblowing resa ai sensi degli art. 13-14 del GDPR TITOLARE DEL TRATTAMENTO Il &#8220;Titolaretti del trattamento dei dati personali (che coincide con l\u2019azienda del Gruppo Messaggerie interessata dalla segnalazione) ti informa che proceder\u00e0 al trattamento dei dati personali da te forniti al momento della segnalazione secondo i principi di correttezza, liceit\u00e0, trasparenza e&#8230; <a class=\"read-more\" href=\"https:\/\/www.fastbookspa.it\/index.php\/whistleblowing-privacy\/\">Continua a leggere<\/a><\/p>\n","protected":false},"author":16,"featured_media":0,"parent":0,"menu_order":0,"comment_status":"closed","ping_status":"closed","template":"","meta":{"footnotes":""},"class_list":["post-951","page","type-page","status-publish","hentry"],"_links":{"self":[{"href":"https:\/\/www.fastbookspa.it\/index.php\/wp-json\/wp\/v2\/pages\/951","targetHints":{"allow":["GET"]}}],"collection":[{"href":"https:\/\/www.fastbookspa.it\/index.php\/wp-json\/wp\/v2\/pages"}],"about":[{"href":"https:\/\/www.fastbookspa.it\/index.php\/wp-json\/wp\/v2\/types\/page"}],"author":[{"embeddable":true,"href":"https:\/\/www.fastbookspa.it\/index.php\/wp-json\/wp\/v2\/users\/16"}],"replies":[{"embeddable":true,"href":"https:\/\/www.fastbookspa.it\/index.php\/wp-json\/wp\/v2\/comments?post=951"}],"version-history":[{"count":5,"href":"https:\/\/www.fastbookspa.it\/index.php\/wp-json\/wp\/v2\/pages\/951\/revisions"}],"predecessor-version":[{"id":1272,"href":"https:\/\/www.fastbookspa.it\/index.php\/wp-json\/wp\/v2\/pages\/951\/revisions\/1272"}],"wp:attachment":[{"href":"https:\/\/www.fastbookspa.it\/index.php\/wp-json\/wp\/v2\/media?parent=951"}],"curies":[{"name":"wp","href":"https:\/\/api.w.org\/{rel}","templated":true}]}}